{"id":61,"date":"2024-04-09T15:57:50","date_gmt":"2024-04-09T19:57:50","guid":{"rendered":"https:\/\/sish2-infi.ufms.br\/?page_id=61"},"modified":"2024-04-09T16:13:34","modified_gmt":"2024-04-09T20:13:34","slug":"comite-de-usuarios","status":"publish","type":"page","link":"https:\/\/sish2-infi.ufms.br\/en\/comite-de-usuarios\/","title":{"rendered":"Comit\u00ea de Usu\u00e1rios"},"content":{"rendered":"<p>O uso da infraestrutura de pesquisa multiusu\u00e1ria do SisH2\/UFMS j\u00e1 existe. As propostas enviadas em https:\/\/sish2-infi.ufms.br\/agendamentos\/ s\u00e3o avaliadas pelo comit\u00ea cient\u00edfico de usu\u00e1rios, eleito bienalmente, que analisa a viabilidade t\u00e9cnica das medidas experimentais propostas. Ap\u00f3s a aprova\u00e7\u00e3o, os experimentos s\u00e3o agendados conforme a disponibilidade dos equipamentos e a demanda de cada projeto, em acordo com a equipe proponente.<\/p>\n<p>A atual composi\u00e7\u00e3o do Comit\u00ea de Usu\u00e1rios do SisH2-UFMS \u00e9:<\/p>\n<p>1.\u00a0Dr. Luiz Felipe Pla\u00e7a Vargas<br \/>\n2. Prof. Dr. Giuseppe A. Camara<br \/>\n3. Profa. Dra. Martha J. de Giz<br \/>\n4. Prof. Dr. Bruno Marangoni<\/p>\n<p>\u00c9 mandat\u00f3rio que pelo menos um respons\u00e1vel da equipe proponente esteja presente, ou acompanhe remotamente a realiza\u00e7\u00e3o dos experimentos, garantindo a qualidade e a seguran\u00e7a das opera\u00e7\u00f5es.<\/p>\n","protected":false},"excerpt":{"rendered":"<p>O uso da infraestrutura de pesquisa multiusu\u00e1ria do SisH2\/UFMS j\u00e1 existe. As propostas enviadas em https:\/\/sish2-infi.ufms.br\/agendamentos\/ s\u00e3o avaliadas pelo comit\u00ea cient\u00edfico de usu\u00e1rios, eleito bienalmente, que analisa a viabilidade t\u00e9cnica das medidas experimentais propostas. Ap\u00f3s a aprova\u00e7\u00e3o, os experimentos s\u00e3o agendados conforme a disponibilidade dos equipamentos e a demanda de cada projeto, em acordo com [&hellip;]<\/p>\n","protected":false},"author":13371,"featured_media":0,"parent":0,"menu_order":0,"comment_status":"closed","ping_status":"closed","template":"","meta":{"footnotes":""},"coauthors":[],"class_list":["post-61","page","type-page","status-publish","hentry"],"_links":{"self":[{"href":"https:\/\/sish2-infi.ufms.br\/en\/wp-json\/wp\/v2\/pages\/61","targetHints":{"allow":["GET"]}}],"collection":[{"href":"https:\/\/sish2-infi.ufms.br\/en\/wp-json\/wp\/v2\/pages"}],"about":[{"href":"https:\/\/sish2-infi.ufms.br\/en\/wp-json\/wp\/v2\/types\/page"}],"author":[{"embeddable":true,"href":"https:\/\/sish2-infi.ufms.br\/en\/wp-json\/wp\/v2\/users\/13371"}],"replies":[{"embeddable":true,"href":"https:\/\/sish2-infi.ufms.br\/en\/wp-json\/wp\/v2\/comments?post=61"}],"version-history":[{"count":4,"href":"https:\/\/sish2-infi.ufms.br\/en\/wp-json\/wp\/v2\/pages\/61\/revisions"}],"predecessor-version":[{"id":71,"href":"https:\/\/sish2-infi.ufms.br\/en\/wp-json\/wp\/v2\/pages\/61\/revisions\/71"}],"wp:attachment":[{"href":"https:\/\/sish2-infi.ufms.br\/en\/wp-json\/wp\/v2\/media?parent=61"}],"wp:term":[{"taxonomy":"author","embeddable":true,"href":"https:\/\/sish2-infi.ufms.br\/en\/wp-json\/wp\/v2\/coauthors?post=61"}],"curies":[{"name":"wp","href":"https:\/\/api.w.org\/{rel}","templated":true}]}}