{"id":60,"date":"2024-04-09T15:57:49","date_gmt":"2024-04-09T19:57:49","guid":{"rendered":"https:\/\/sish2-infi.ufms.br\/?page_id=60"},"modified":"2024-04-09T16:06:01","modified_gmt":"2024-04-09T20:06:01","slug":"comite-gestor","status":"publish","type":"page","link":"https:\/\/sish2-infi.ufms.br\/en\/comite-gestor\/","title":{"rendered":"Comit\u00ea Gestor"},"content":{"rendered":"<p>O comit\u00ea gestor do SisH2\/UFMS \u00e9 composto por seus coordenadores, pelo diretor do Instituto de F\u00edsica e por representante designado pelo Pr\u00f3-Reitor de Pesquisa e P\u00f3s-Gradua\u00e7\u00e3o da UFMS, os quais s\u00e3o respons\u00e1veisl por estabelecer os crit\u00e9rios de agendamento e utiliza\u00e7\u00e3o dos equipamentos, assegurando a distribui\u00e7\u00e3o equitativa dos recursos f\u00edsicos e priorizando projetos com potencial de impacto cient\u00edfico e social.<\/p>\n<p>O comit\u00ea gestor \u00e9 respons\u00e1vel tamb\u00e9m por organizar a cria\u00e7\u00e3o de cursos de especializa\u00e7\u00e3o nas \u00e1reas t\u00e9cnicas (cromatografia gasosa, eletroqu\u00edmica, XRD, XPS, outros), visando a forma\u00e7\u00e3o acad\u00eamica de qualidade dos alunos e pesquisadores da UFMS e demais interessados.<\/p>\n<p>Atual composi\u00e7\u00e3o do Comit\u00ea Gestor do SisH2-UFMS:<\/p>\n<p>1. Prof. Dr. Heberton Wender Luiz dos Santos<br \/>\n2. Prof. Dr. Cau\u00ea Alves Martins<br \/>\n3. Prof. Dr. Al\u00e9m-Mar B. Gon\u00e7alves<br \/>\n4. Prof. Dr. Edson Batista<\/p>\n","protected":false},"excerpt":{"rendered":"<p>O comit\u00ea gestor do SisH2\/UFMS \u00e9 composto por seus coordenadores, pelo diretor do Instituto de F\u00edsica e por representante designado pelo Pr\u00f3-Reitor de Pesquisa e P\u00f3s-Gradua\u00e7\u00e3o da UFMS, os quais s\u00e3o respons\u00e1veisl por estabelecer os crit\u00e9rios de agendamento e utiliza\u00e7\u00e3o dos equipamentos, assegurando a distribui\u00e7\u00e3o equitativa dos recursos f\u00edsicos e priorizando projetos com potencial de [&hellip;]<\/p>\n","protected":false},"author":13371,"featured_media":0,"parent":0,"menu_order":0,"comment_status":"closed","ping_status":"closed","template":"","meta":{"footnotes":""},"coauthors":[],"class_list":["post-60","page","type-page","status-publish","hentry"],"_links":{"self":[{"href":"https:\/\/sish2-infi.ufms.br\/en\/wp-json\/wp\/v2\/pages\/60","targetHints":{"allow":["GET"]}}],"collection":[{"href":"https:\/\/sish2-infi.ufms.br\/en\/wp-json\/wp\/v2\/pages"}],"about":[{"href":"https:\/\/sish2-infi.ufms.br\/en\/wp-json\/wp\/v2\/types\/page"}],"author":[{"embeddable":true,"href":"https:\/\/sish2-infi.ufms.br\/en\/wp-json\/wp\/v2\/users\/13371"}],"replies":[{"embeddable":true,"href":"https:\/\/sish2-infi.ufms.br\/en\/wp-json\/wp\/v2\/comments?post=60"}],"version-history":[{"count":3,"href":"https:\/\/sish2-infi.ufms.br\/en\/wp-json\/wp\/v2\/pages\/60\/revisions"}],"predecessor-version":[{"id":68,"href":"https:\/\/sish2-infi.ufms.br\/en\/wp-json\/wp\/v2\/pages\/60\/revisions\/68"}],"wp:attachment":[{"href":"https:\/\/sish2-infi.ufms.br\/en\/wp-json\/wp\/v2\/media?parent=60"}],"wp:term":[{"taxonomy":"author","embeddable":true,"href":"https:\/\/sish2-infi.ufms.br\/en\/wp-json\/wp\/v2\/coauthors?post=60"}],"curies":[{"name":"wp","href":"https:\/\/api.w.org\/{rel}","templated":true}]}}