{"id":6,"date":"2024-04-08T13:57:00","date_gmt":"2024-04-08T16:57:00","guid":{"rendered":"https:\/\/sish2-infi.draconis.ufms.br\/?page_id=6"},"modified":"2024-04-15T10:11:43","modified_gmt":"2024-04-15T14:11:43","slug":"pagina-inicial","status":"publish","type":"page","link":"https:\/\/sish2-infi.ufms.br\/en\/","title":{"rendered":"P\u00e1gina Inicial"},"content":{"rendered":"<h3>O que \u00e9 o SisH2\/UFMS?<\/h3>\n<p>O <strong>Sistema Nacional de Laborat\u00f3rios de Hidrog\u00eanio (<a href=\"https:\/\/antigo.mctic.gov.br\/mctic\/opencms\/legislacao\/portarias\/Portaria_MCTI_n_7679_de_17112023.html\" target=\"_blank\" rel=\"noopener\">SisH2\/MCTI<\/a>)<\/strong> \u00e9 um dos principais instrumentos da <strong>Iniciativa Brasileira do Hidrog\u00eanio (<a href=\"https:\/\/www.gov.br\/mcti\/pt-br\/acompanhe-o-mcti\/noticias\/2022\/07\/iniciativa-brasileira-de-hidrogenio-ibh2-e-publicada-pelo-mcti\" target=\"_blank\" rel=\"noopener\">IBH2<\/a>)<\/strong>, em prol do desenvolvimento tecnol\u00f3gico, da inova\u00e7\u00e3o e do empreendedorismo. Foi criado atrav\u00e9s da Chamada CNPq\/MCTI\/FNDCT N\u00b0 24\/2022 \u2013 Apoio ao Sistema Brasileiro de Laborat\u00f3rios de Hidrog\u00eanio \u2013 SisH2-MCTI, cujo objetivo foi selecionar e apoiar iniciativas para a implanta\u00e7\u00e3o e o aprimoramento de infraestrutura laboratorial de Institui\u00e7\u00f5es Cient\u00edficas e Tecnol\u00f3gicas (ICT\u2019s) na tem\u00e1tica da economia do hidrog\u00eanio, bem como a capacita\u00e7\u00e3o de recursos humanos.<\/p>\n<p>Adicionalemnte, o SisH2 est\u00e1 alinhado \u00e0s diretrizes do <strong>Programa Nacional do Hidrog\u00eanio (<a href=\"https:\/\/www.gov.br\/mme\/pt-br\/programa-nacional-do-hidrogenio-1\" target=\"_blank\" rel=\"noopener\">PNH2<\/a>)<\/strong> e as prioridades de atua\u00e7\u00e3o dos laborat\u00f3rios e das re des de laborat\u00f3rios integrantes do SisH2- MCTI ser\u00e3o as estabelecidas pela IBH2.<\/p>\n<p>Assim, nosso laborat\u00f3rio \u00e9 um dos 13 laborat\u00f3rios aprovados na Chamada CNPq\/MCTI\/FNDCT N\u00b0 24\/2022, sendo o \u00fanico localizado na regi\u00e3o Centro Oeste.<\/p>\n<p>O SisH2\/UFMS passou a integrar o <strong>Laborat\u00f3rio de Tecnologias Avan\u00e7adas em Energia e Sustentabilidade da (LATES)<\/strong> UFMS, focado no desenvolvimento de materiais, dispositivos e tecnologias para convers\u00e3o de energia <em>via<\/em> processos eletroqu\u00edmicos, fotoqu\u00edmicos e fotoeletroqu\u00edmicos. Suas principais linhas de pesquisa s\u00e3o:<br \/>\n&#8211; Hidrog\u00eanio verde e H2 de baixo carbono;<br \/>\n&#8211; Solu\u00e7\u00f5es para transi\u00e7\u00e3o energ\u00e9tica;<br \/>\n&#8211; Captura e convers\u00e3o de CO2 em \u00e1lcoois e produtos de valor agregado;<br \/>\n&#8211; Mitiga\u00e7\u00e3o de gases do efeito estufa (GEE);<br \/>\n&#8211; Degrada\u00e7\u00e3o de poluentes org\u00e2nicos (f\u00e1rmacos\/pestidas\/glicerol\/etc.);<br \/>\n&#8211; Solu\u00e7\u00f5es em microflu\u00eddica e impress\u00e3o 3D.<\/p>\n","protected":false},"excerpt":{"rendered":"<p>O que \u00e9 o SisH2\/UFMS? O Sistema Nacional de Laborat\u00f3rios de Hidrog\u00eanio (SisH2\/MCTI) \u00e9 um dos principais instrumentos da Iniciativa Brasileira do Hidrog\u00eanio (IBH2), em prol do desenvolvimento tecnol\u00f3gico, da inova\u00e7\u00e3o e do empreendedorismo. Foi criado atrav\u00e9s da Chamada CNPq\/MCTI\/FNDCT N\u00b0 24\/2022 \u2013 Apoio ao Sistema Brasileiro de Laborat\u00f3rios de Hidrog\u00eanio \u2013 SisH2-MCTI, cujo objetivo [&hellip;]<\/p>\n","protected":false},"author":38499,"featured_media":16,"parent":0,"menu_order":0,"comment_status":"closed","ping_status":"closed","template":"page-templates\/page-home.php","meta":{"footnotes":""},"coauthors":[],"class_list":["post-6","page","type-page","status-publish","has-post-thumbnail","hentry"],"_links":{"self":[{"href":"https:\/\/sish2-infi.ufms.br\/en\/wp-json\/wp\/v2\/pages\/6","targetHints":{"allow":["GET"]}}],"collection":[{"href":"https:\/\/sish2-infi.ufms.br\/en\/wp-json\/wp\/v2\/pages"}],"about":[{"href":"https:\/\/sish2-infi.ufms.br\/en\/wp-json\/wp\/v2\/types\/page"}],"author":[{"embeddable":true,"href":"https:\/\/sish2-infi.ufms.br\/en\/wp-json\/wp\/v2\/users\/38499"}],"replies":[{"embeddable":true,"href":"https:\/\/sish2-infi.ufms.br\/en\/wp-json\/wp\/v2\/comments?post=6"}],"version-history":[{"count":9,"href":"https:\/\/sish2-infi.ufms.br\/en\/wp-json\/wp\/v2\/pages\/6\/revisions"}],"predecessor-version":[{"id":86,"href":"https:\/\/sish2-infi.ufms.br\/en\/wp-json\/wp\/v2\/pages\/6\/revisions\/86"}],"wp:featuredmedia":[{"embeddable":true,"href":"https:\/\/sish2-infi.ufms.br\/en\/wp-json\/wp\/v2\/media\/16"}],"wp:attachment":[{"href":"https:\/\/sish2-infi.ufms.br\/en\/wp-json\/wp\/v2\/media?parent=6"}],"wp:term":[{"taxonomy":"author","embeddable":true,"href":"https:\/\/sish2-infi.ufms.br\/en\/wp-json\/wp\/v2\/coauthors?post=6"}],"curies":[{"name":"wp","href":"https:\/\/api.w.org\/{rel}","templated":true}]}}