{"id":31,"date":"2024-04-09T14:43:27","date_gmt":"2024-04-09T18:43:27","guid":{"rendered":"https:\/\/sish2-infi.ufms.br\/?page_id=31"},"modified":"2024-11-27T11:00:43","modified_gmt":"2024-11-27T15:00:43","slug":"infraestrutura","status":"publish","type":"page","link":"https:\/\/sish2-infi.ufms.br\/en\/infraestrutura\/","title":{"rendered":"Infraestrutura"},"content":{"rendered":"<p>A infraestrutura do Laborat\u00f3rio de Tecnologias Avan\u00e7adas em Energia e Sustentabilidade <strong>LaTES (SisH2-MCTI\/UFMS)<\/strong> est\u00e1 equipada para apoiar avan\u00e7os em pesquisa de ponta na tem\u00e1tica de <strong>Energia<\/strong> e <strong>Sustentabilidade<\/strong>. Com um espa\u00e7o f\u00edsico de aproximadamente 300 m\u00b2, o LaTES bem como seus anexos possuem muitos equipamentos de pequeno porte e de grande porte, que ser\u00e3o destacados aqui.<\/p>\n<p>Entre os principais recursos do LaTES e infraestrutura de apoio multiusu\u00e1ria do Instituto de F\u00edsica (INFI)\/UFMS, est\u00e3o:<\/p>\n<p>1. <strong>Espectroscopia Avan\u00e7ada<\/strong>:<br \/>\nDispomos de equipamentos tais como FTIR (4000-400 cm), Absor\u00e7\u00e3o UV-Vis-NIR (185-1400 nm) com esfera de integra\u00e7\u00e3o, espectr\u00f4metro e microsc\u00f3pio Raman confocal, espectr\u00f4metro de fluoresc\u00eancia estacion\u00e1ria, os quais permitem a an\u00e1lise \u00f3ptica e qu\u00edmica de catalisadores e mol\u00e9culas alvo (CO2, CO, CH4, glicerol, metanol, etc.), assim como medidas <em>ex situ<\/em> e <em>in situ<\/em> em diversas faixas espectrais.<\/p>\n<p>2. <strong>An\u00e1lise Morfol\u00f3gica e Qu\u00edmica:<\/strong><br \/>\nTemos equipamentos dedicados para an\u00e1lise de propriedades morfol\u00f3gicas e caracteriza\u00e7\u00e3o qu\u00edmica de superf\u00edcie. Destacam-se equipamentos de microscopia eletr\u00f4nica de varredura (MEV) com EDS acoplado, microscopia eletr\u00f4nica de transmiss\u00e3o (TEM) a ser instalado em 2025, 2 microsc\u00f3pios de for\u00e7a at\u00f4mica (AFM) e um XPS (instala\u00e7\u00e3o 2025).<\/p>\n<p>3. <strong>Caracteriza\u00e7\u00e3o Eletroqu\u00edmica e Fotoeletrocat\u00e1lise:<\/strong><br \/>\nEquipamentos como os potenciostatos\/galvanostatos, combinados com simuladores solares, filtros \u00f3pticos, monocromadores, controladores de fluxo de massa (MFC), e reatores espec\u00edficos de fotocat\u00e1lise e fotoeletrocat\u00e1lise, estacion\u00e1rios e em fluxo, permitem a condu\u00e7\u00e3o de experimentos voltados para a convers\u00e3o fotoqu\u00edmica e fotoeletroqu\u00edmica de CO2 e CH4, com gera\u00e7\u00e3o e armazenamento de energia. Os reatores s\u00e3o conectados diretamente aos cromat\u00f3grafos gasosos, contendo metanador e detectores TCD e FID para an\u00e1lise de produtos gasosos in situ e online. Al\u00e9m disso, um cromat\u00f3grafo gasoso com FID e coluna DBWAX permite a identifica\u00e7\u00e3o de produtos l\u00edquidos vol\u00e1teis da foto e fotoeletrocat\u00e1lise, fornecendo dados completos dos produtos l\u00edquidos e gasosos provindos dos processos de redu\u00e7\u00e3o de CO2, oxida\u00e7\u00e3o de CH4, entre outros.<\/p>\n<p>4. <strong>Preparo de catalisadores:<\/strong><\/p>\n<ul style=\"list-style-type: circle\">\n<li><strong>Magnetron Sputtering de 3 Canh\u00f5es Confocais<em>:<\/em> <\/strong>Permite realizar co-sputtering de at\u00e9 tr\u00eas materiais simultaneamente, possibilitando a cria\u00e7\u00e3o de filmes finos com composi\u00e7\u00e3o controlada, e estruturas heterog\u00eaneas via sputtering em p\u00f3s ou l\u00edquidos, ideais para a fabrica\u00e7\u00e3o de catalisadores e fotoeletrodos. Opera em atmosferas inertes e reativas, com uma pr\u00e9-c\u00e2mara e um bra\u00e7o de transfer\u00eancia que garante um ambiente de ultra alto v\u00e1cuo e troca r\u00e1pida de amostra, o equipamento inclui duas fontes DC e uma RF para maximizar a flexibilidade de deposi\u00e7\u00e3o.<\/li>\n<li><strong>Spray Pyrolysis:<\/strong> Permite a deposi\u00e7\u00e3o de filmes finos homog\u00eaneos atrav\u00e9s de uma solu\u00e7\u00e3o precursora pulverizada sobre substratos aquecidos. Essencial para a fabrica\u00e7\u00e3o de catalisadores nanoestruturados e fotoeletrodos, o spray pyrolysis possibilita o controle preciso da espessura e morfologia dos filmes.<\/li>\n<li><strong>Dip-Coater com Aquecimento por Infravermelho:<\/strong> O sistema de dip-coating \u00e9 equipado com um aquecedor infravermelho acoplado, permitindo tanto o recobrimento quanto a secagem r\u00e1pida de substratos ap\u00f3s a deposi\u00e7\u00e3o, o que \u00e9 ideal para preparar filmes finos e homog\u00eaneos, com controle do n\u00famero de camadas, velocidade de mergulho, tempo, etc.<\/li>\n<li><strong>Spin-Coater para Amostras de at\u00e9 15 cm:<\/strong> O equipamento de spin-coating permite a deposi\u00e7\u00e3o de filmes finos e uniformes em grandes \u00e1reas, especialmente importante para prot\u00f3tipos escalados, sendo ideal para o desenvolvimento de fotoeletrodos com cobertura homog\u00eanea. Com capacidade para amostras de at\u00e9 15 cm, ele \u00e9 vers\u00e1til para aplica\u00e7\u00f5es em escala piloto.<\/li>\n<\/ul>\n<p>Essa infraestrutura \u00e9 fundamental para os objetivos do LaTES, permitindo a condu\u00e7\u00e3o de experimentos em cat\u00e1lise, fotocat\u00e1lise, eletrocat\u00e1lise e fotoeletrocat\u00e1lise, al\u00e9m de an\u00e1lise de gases de efeito estufa e desenvolvimento de novos materiais com precis\u00e3o e robustez.<\/p>\n<p>Por favor, visite nossa p\u00e1gina na Plataforma Nacional de Infraestrutura de Pesquisa MCTI (PNIPE), para ter acesso a mais detalhes da infraestrutura de pesquisa, clicando <a href=\"https:\/\/pnipe.mcti.gov.br\/laboratory\/9625\" target=\"_blank\" rel=\"noopener\">AQUI<\/a>.<\/p>\n<p>&nbsp;<\/p>\n","protected":false},"excerpt":{"rendered":"<p>A infraestrutura do Laborat\u00f3rio de Tecnologias Avan\u00e7adas em Energia e Sustentabilidade LaTES (SisH2-MCTI\/UFMS) est\u00e1 equipada para apoiar avan\u00e7os em pesquisa de ponta na tem\u00e1tica de Energia e Sustentabilidade. Com um espa\u00e7o f\u00edsico de aproximadamente 300 m\u00b2, o LaTES bem como seus anexos possuem muitos equipamentos de pequeno porte e de grande porte, que ser\u00e3o destacados [&hellip;]<\/p>\n","protected":false},"author":13371,"featured_media":0,"parent":0,"menu_order":0,"comment_status":"closed","ping_status":"closed","template":"","meta":{"footnotes":""},"coauthors":[],"class_list":["post-31","page","type-page","status-publish","hentry"],"_links":{"self":[{"href":"https:\/\/sish2-infi.ufms.br\/en\/wp-json\/wp\/v2\/pages\/31","targetHints":{"allow":["GET"]}}],"collection":[{"href":"https:\/\/sish2-infi.ufms.br\/en\/wp-json\/wp\/v2\/pages"}],"about":[{"href":"https:\/\/sish2-infi.ufms.br\/en\/wp-json\/wp\/v2\/types\/page"}],"author":[{"embeddable":true,"href":"https:\/\/sish2-infi.ufms.br\/en\/wp-json\/wp\/v2\/users\/13371"}],"replies":[{"embeddable":true,"href":"https:\/\/sish2-infi.ufms.br\/en\/wp-json\/wp\/v2\/comments?post=31"}],"version-history":[{"count":4,"href":"https:\/\/sish2-infi.ufms.br\/en\/wp-json\/wp\/v2\/pages\/31\/revisions"}],"predecessor-version":[{"id":109,"href":"https:\/\/sish2-infi.ufms.br\/en\/wp-json\/wp\/v2\/pages\/31\/revisions\/109"}],"wp:attachment":[{"href":"https:\/\/sish2-infi.ufms.br\/en\/wp-json\/wp\/v2\/media?parent=31"}],"wp:term":[{"taxonomy":"author","embeddable":true,"href":"https:\/\/sish2-infi.ufms.br\/en\/wp-json\/wp\/v2\/coauthors?post=31"}],"curies":[{"name":"wp","href":"https:\/\/api.w.org\/{rel}","templated":true}]}}