{"id":30,"date":"2024-04-09T14:43:26","date_gmt":"2024-04-09T18:43:26","guid":{"rendered":"https:\/\/sish2-infi.ufms.br\/?page_id=30"},"modified":"2024-11-29T11:00:42","modified_gmt":"2024-11-29T15:00:42","slug":"projetos","status":"publish","type":"page","link":"https:\/\/sish2-infi.ufms.br\/en\/projetos\/","title":{"rendered":"Projetos"},"content":{"rendered":"<p>O <strong>LATES<\/strong>, laborat\u00f3rio sede do <strong>SisH2-MCTI\/UFMS<\/strong>, possui diversos projetos em andamento com financiamentos p\u00fablicos e privados. As principais tem\u00e1ticas investigadas atualmente s\u00e3o:<\/p>\n<p><em>\u2013 Hidrog\u00eanio verde e H2 de baixo carbono;<\/em><br \/>\n<em>\u2013 Solu\u00e7\u00f5es para transi\u00e7\u00e3o energ\u00e9tica;<\/em><br \/>\n<em>\u2013 Captura e convers\u00e3o de CO2 em \u00e1lcoois e produtos de valor agregado;<\/em><br \/>\n<em>\u2013 Mitiga\u00e7\u00e3o de gases do efeito estufa (CO2 e CH4);<\/em><br \/>\n<em>\u2013 Degrada\u00e7\u00e3o de poluentes org\u00e2nicos (f\u00e1rmacos\/pestidas\/glicerol\/etc.);<\/em><br \/>\n<em>\u2013 Solu\u00e7\u00f5es em microflu\u00eddica e impress\u00e3o 3D.<\/em><\/p>\n<h4>Confira a lista de projetos em andamento:<\/h4>\n<p>1. FOTOCON Lab &#8211; Laborat\u00f3rio de fotoconvers\u00e3o de energia e hidrog\u00eanio verde &#8211; Processo: 408066\/2022-9. Credenciamento no SisH2-CNPq-MCTI (2022-2025). Valor R$ 1.994.000,00.<br \/>\nIntegrantes: Heberton Wender Luiz dos Santos &#8211; Coordenador \/ Cau\u00ea Alves Martins &#8211; Integrante \/ outros.<\/p>\n<p>2. Desenvolvimento de Fotoc\u00e9lulas a Combust\u00edvel Microflu\u00eddicas Impressas em 3D para Oxida\u00e7\u00e3o de Glicerol e Simult\u00e2nea Redu\u00e7\u00e3o de CO2 &#8211; Processo: 409402\/2023-0. CNPq (2023-2025). Valor R$ 275.000,00<br \/>\nIntegrantes: Heberton Wender Luiz dos Santos &#8211; Coordenador \/ Cau\u00ea Alves Martins &#8211; Integrante \/ outros.<\/p>\n<p>3. Desenvolvimento de (foto)c\u00e9lulas a combust\u00edvel para mitiga\u00e7\u00e3o de metano e produ\u00e7\u00e3o de hidrog\u00eanio verde via convers\u00e3o de energia solar. FUNDECT (2024-2026). Valor R$ 400.000,00<br \/>\nIntegrantes: Heberton Wender Luiz dos Santos &#8211; Coordenador \/ Cau\u00ea Alves Martins &#8211; Integrante \/ outros.<\/p>\n<p>4. Eletro(foto)conversor Escal\u00e1vel de Metano e CO2 para Pecu\u00e1ria Limpa (FotoPEC) (2022 \u2013 2025). Chamada FUNDECT N\u00b0 18\/2021 &#8211; MS Carbono Neutro. Valor R$ 796.200,00<br \/>\nIntegrantes: Cau\u00ea Alves Martins &#8211; Coordenador \/ Heberton Wender Luiz dos Santos &#8211; Integrante \/ outros.<\/p>\n<p>5. H2R:GLP &#8211; Pesquisa explorat\u00f3ria de blends inovadores &#8211; Contrato: 05\/2024-UFMS (2024-2026). Copa Energia S\/A. Valor R$ 3.236.423,00<br \/>\nIntegrantes: Cau\u00ea Alves Martins &#8211; Coordenador \/ Heberton Wender Luiz dos Santos &#8211; Integrante \/ outros.<\/p>\n<p>6. MAI\/DAI &#8211; GreenPower &#8211; Nanotecnologia aplicada \u00e0 produ\u00e7\u00e3o de combust\u00edveis verdes &#8211; Processo: 400013\/2023-1. CNPq (2023-2026). Valor R$ 503.424,00<br \/>\nIntegrantes: Cau\u00ea Alves Martins &#8211; Coordenador \/ Heberton Wender Luiz dos Santos &#8211; Integrante \/ outros.<\/p>\n<p>7. Consolida\u00e7\u00e3o da Infraestrutura Multiusu\u00e1ria de Pesquisa dos Sistemas de Laborat\u00f3rios Nacionais de Hidrog\u00eanio (SisH2) e Fot\u00f4nica (Sisf\u00f3ton) da UFMS. FINEP (2024-2027). Valor R$ 5.000.000,00<br \/>\nIntegrantes: Heberton Wender Luiz dos Santos &#8211; Coordenador \/ Cau\u00ea Alves Martins &#8211; Integrante \/ outros.<\/p>\n<p>8. CAPES PRINT &#8211; Desenvolvimento de nanomateriais para indu\u00e7\u00e3o de processos oxidativos: aplica\u00e7\u00f5es de interesses ambientais, energ\u00e9ticos e da sa\u00fade (2018 \u2013 Atual). Valor R$ ~1.300.000,00<br \/>\nIntegrantes: Heberton Wender Luiz dos Santos &#8211; Integrante \/ Fernandes, Jesum Alves &#8211; Integrante \/ Al\u00e9m-Mar Bernardes Gon\u00e7alves &#8211; Coordenador \/ Cau\u00ea Alves Martins &#8211; Integrante \/ outros<\/p>\n<p>9. Tecnologias \u00f3pticas e fot\u00f4nicas associadas \u00e0 intelig\u00eancia artificial para solu\u00e7\u00f5es ambientais, energ\u00e9ticas e agroneg\u00f3cio (2021 \u2013 Atual). Projeto aprovado no \u00e2mbito da Chamada CNPq\/MCTI\/SEMPI N\u00ba 01\/2021 &#8211; Sistema Nacional de Laborat\u00f3rios de Fot\u00f4nica (Sisf\u00f3ton-MCTI), com montante de R$ 796.836,80<br \/>\nIntegrantes: Heberton Wender Luiz dos Santos &#8211; Integrante \/ Cau\u00ea Alves Martins &#8211; Integrante \/ Bruno Marangoni &#8211; Integrante \/ Cicero Rafael Cena da Silva &#8211; Integrante \/ Anderson Caires &#8211; Coordenador \/ Samuel L. Oiveira &#8211; Integrante \/ outros.<br \/>\nFinanciador: Conselho Nacional de Desenvolvimento Cient\u00edfico e Tecnol\u00f3gico.<\/p>\n<p>10. Investiga\u00e7\u00f5es em Novos Materiais para Convers\u00e3o de Energia. CNPq (2020 \u2013 Atual). CHAMADA CNPQ N\u00ba 01\/2019 &#8211; Apoio \u00e0 forma\u00e7\u00e3o de doutores em \u00e1reas estrat\u00e9gicas, valor total de R$ 498.048,00.<br \/>\nIntegrantes: Heberton Wender Luiz dos Santos &#8211; Integrante \/ Cau\u00ea Alves Martins &#8211; Integrante \/ outros.<\/p>\n<p>11. FotoGEE. Desenvolvimento de Fotoeletroconversor Escal\u00e1vel de Metano e CO2 para Mitiga\u00e7\u00e3o de Gases do Efeito Estufa (GEE) e Aprisionamento de Carbono. CNPq (2022 \u2013 Atual). Valor R$ 212.000,00<br \/>\nIntegrantes: Heberton Wender Luiz dos Santos &#8211; Coordenador \/ Cau\u00ea Alves Martins &#8211; Integrante \/ Luiz Eduardo Gomes &#8211; Integrante \/ D\u00eanis Souza Ferreira &#8211; Integrante \/ Alexandre Borges Santos &#8211; Integrante \/ Francielle Stelo &#8211; Integrante \/ Outros.<\/p>\n","protected":false},"excerpt":{"rendered":"<p>O LATES, laborat\u00f3rio sede do SisH2-MCTI\/UFMS, possui diversos projetos em andamento com financiamentos p\u00fablicos e privados. As principais tem\u00e1ticas investigadas atualmente s\u00e3o: \u2013 Hidrog\u00eanio verde e H2 de baixo carbono; \u2013 Solu\u00e7\u00f5es para transi\u00e7\u00e3o energ\u00e9tica; \u2013 Captura e convers\u00e3o de CO2 em \u00e1lcoois e produtos de valor agregado; \u2013 Mitiga\u00e7\u00e3o de gases do efeito estufa [&hellip;]<\/p>\n","protected":false},"author":13371,"featured_media":0,"parent":0,"menu_order":0,"comment_status":"closed","ping_status":"closed","template":"","meta":{"footnotes":""},"coauthors":[],"class_list":["post-30","page","type-page","status-publish","hentry"],"_links":{"self":[{"href":"https:\/\/sish2-infi.ufms.br\/en\/wp-json\/wp\/v2\/pages\/30","targetHints":{"allow":["GET"]}}],"collection":[{"href":"https:\/\/sish2-infi.ufms.br\/en\/wp-json\/wp\/v2\/pages"}],"about":[{"href":"https:\/\/sish2-infi.ufms.br\/en\/wp-json\/wp\/v2\/types\/page"}],"author":[{"embeddable":true,"href":"https:\/\/sish2-infi.ufms.br\/en\/wp-json\/wp\/v2\/users\/13371"}],"replies":[{"embeddable":true,"href":"https:\/\/sish2-infi.ufms.br\/en\/wp-json\/wp\/v2\/comments?post=30"}],"version-history":[{"count":5,"href":"https:\/\/sish2-infi.ufms.br\/en\/wp-json\/wp\/v2\/pages\/30\/revisions"}],"predecessor-version":[{"id":120,"href":"https:\/\/sish2-infi.ufms.br\/en\/wp-json\/wp\/v2\/pages\/30\/revisions\/120"}],"wp:attachment":[{"href":"https:\/\/sish2-infi.ufms.br\/en\/wp-json\/wp\/v2\/media?parent=30"}],"wp:term":[{"taxonomy":"author","embeddable":true,"href":"https:\/\/sish2-infi.ufms.br\/en\/wp-json\/wp\/v2\/coauthors?post=30"}],"curies":[{"name":"wp","href":"https:\/\/api.w.org\/{rel}","templated":true}]}}