{"id":115,"date":"2024-11-27T13:02:00","date_gmt":"2024-11-27T17:02:00","guid":{"rendered":"https:\/\/sish2-infi.ufms.br\/?page_id=115"},"modified":"2024-11-27T13:02:00","modified_gmt":"2024-11-27T17:02:00","slug":"instrucoes","status":"publish","type":"page","link":"https:\/\/sish2-infi.ufms.br\/en\/instrucoes\/","title":{"rendered":"Instru\u00e7\u00f5es"},"content":{"rendered":"<p>O SisH2 disponibilizar\u00e1 <strong>30%<\/strong> (trinta porcento) do tempo de uso, em horas, da estrutura laboratorial, do parque de equipamentos ou de expertise instaladas para o atendimento das demandas de usu\u00e1rios externos, seja demandas de entidades e agentes p\u00fablicos ou privados.<\/p>\n<h4>Instru\u00e7\u00f5es<\/h4>\n<p>O SisH2 oferece aos usu\u00e1rios a possibilidade de realiza\u00e7\u00e3o de experimentos dispon\u00edveis em suas depend\u00eancias, tais como cromatografia gasosa, voltametria, cronoamperometria, impressoras 3D, tratamento t\u00e9rmico, etc (veja lista completa de equipamentos <a href=\"https:\/\/sish2-infi.ufms.br\/infraestrutura\/\" target=\"_blank\" rel=\"noopener\">aqui<\/a>).<\/p>\n<ul style=\"list-style-type: circle\">\n<li>O uso da infraestutura por academicos da UFMS n\u00e3o possui custo.<\/li>\n<li>Para usu\u00e1rios externos e empresas, um pequeno custo poder\u00e1 ser aplicado, em comum acordo com o solicitante, para ajuda na manuten\u00e7\u00e3o dos equipamentos assim como resposi\u00e7\u00e3o de consum\u00edveis.<\/li>\n<\/ul>\n<p>O SisH2 oferece tamb\u00e9m presta\u00e7\u00e3o de servi\u00e7os especialidos visando desenvolvimento de eletrolisadores e fotoeletrolisadores para diversas aplica\u00e7\u00f5es, inluindo produ\u00e7\u00e3o de H2 e O2 verde, abatimento de pesticidas e f\u00e1rmacos, dispositivos microflu\u00eddicos, etc.<\/p>\n<p>O usu\u00e1rio poder\u00e1 requerer a realiza\u00e7\u00e3o de medi\u00e7\u00f5es em uma das infraestruturas de pesquisa disponibilizadas no laborat\u00f3rio, optando por 03 diferentes servi\u00e7os:<br \/>\n(i) <span style=\"color: #00ccff\">Aquisi\u00e7\u00e3o dos dados<\/span>. O laborat\u00f3rio fornece os dados em formato \u201cRAW\u201d;<br \/>\n(ii) <span style=\"color: #00ccff\">Aquisi\u00e7\u00e3o e tratamento de dados<\/span>. O laborat\u00f3rio fornece os dados e gr\u00e1ficos edit\u00e1veis; e<br \/>\n(iii) <span style=\"color: #00ccff\">Aquisi\u00e7\u00e3o, tratamento e an\u00e1lise de dados.<\/span> O laborat\u00f3rio fornece os itens do servi\u00e7o (ii), podendo dentro de sua capacidade analisar os dados de acordo com a demanda do usu\u00e1rio.<\/p>\n<h5>Outras informa\u00e7\u00f5es<\/h5>\n<p>A utiliza\u00e7\u00e3o da infraestrutura de pesquisa ser\u00e1 guiada pelo princ\u00edpio do car\u00e1ter multiusu\u00e1rio, abrangendo uma variedade de \u00e1reas e seus programas de pesquisa de gradua\u00e7\u00e3o e p\u00f3s-gradua\u00e7\u00e3o, tais como: f\u00edsica, qu\u00edmica, engenharias, biologia, farm\u00e1cia, medicina, medicina veterin\u00e1ria, agronomia, entre outras.<\/p>\n<p>Cabe destacar, que os estudos de produ\u00e7\u00e3o de energia e hidrog\u00eanio verde, e mitiga\u00e7\u00e3o de poluentes, sediados no SisH2\/UFMS, envolvem colabora\u00e7\u00f5es estreitas com a FAENG (engenharia el\u00e9trica, engenharia civil e engenharia de produ\u00e7\u00e3o), INQUI e FACOM.<\/p>\n<p>O SisH2\/UFMS possui parcerias j\u00e1 estabelecidas com o setor privado, via presta\u00e7\u00e3o de servi\u00e7os e projetos de P&amp;D com as empresas Mosaic Fertilizantes \u2013 Instituto Mosaic, Aegea\/\u00c1guas Guariroba, Greenfuel e COPA Energia. Com isso, visa-se atender a um amplo n\u00famero de pesquisadores, tanto internos quanto externos \u00e0 UFMS, incluindo institui\u00e7\u00f5es de ensino superior, centros de pesquisa e representantes do setor industrial.<\/p>\n","protected":false},"excerpt":{"rendered":"<p>O SisH2 disponibilizar\u00e1 30% (trinta porcento) do tempo de uso, em horas, da estrutura laboratorial, do parque de equipamentos ou de expertise instaladas para o atendimento das demandas de usu\u00e1rios externos, seja demandas de entidades e agentes p\u00fablicos ou privados. Instru\u00e7\u00f5es O SisH2 oferece aos usu\u00e1rios a possibilidade de realiza\u00e7\u00e3o de experimentos dispon\u00edveis em suas [&hellip;]<\/p>\n","protected":false},"author":13371,"featured_media":0,"parent":0,"menu_order":0,"comment_status":"closed","ping_status":"closed","template":"","meta":{"footnotes":""},"coauthors":[],"class_list":["post-115","page","type-page","status-publish","hentry"],"_links":{"self":[{"href":"https:\/\/sish2-infi.ufms.br\/en\/wp-json\/wp\/v2\/pages\/115","targetHints":{"allow":["GET"]}}],"collection":[{"href":"https:\/\/sish2-infi.ufms.br\/en\/wp-json\/wp\/v2\/pages"}],"about":[{"href":"https:\/\/sish2-infi.ufms.br\/en\/wp-json\/wp\/v2\/types\/page"}],"author":[{"embeddable":true,"href":"https:\/\/sish2-infi.ufms.br\/en\/wp-json\/wp\/v2\/users\/13371"}],"replies":[{"embeddable":true,"href":"https:\/\/sish2-infi.ufms.br\/en\/wp-json\/wp\/v2\/comments?post=115"}],"version-history":[{"count":1,"href":"https:\/\/sish2-infi.ufms.br\/en\/wp-json\/wp\/v2\/pages\/115\/revisions"}],"predecessor-version":[{"id":116,"href":"https:\/\/sish2-infi.ufms.br\/en\/wp-json\/wp\/v2\/pages\/115\/revisions\/116"}],"wp:attachment":[{"href":"https:\/\/sish2-infi.ufms.br\/en\/wp-json\/wp\/v2\/media?parent=115"}],"wp:term":[{"taxonomy":"author","embeddable":true,"href":"https:\/\/sish2-infi.ufms.br\/en\/wp-json\/wp\/v2\/coauthors?post=115"}],"curies":[{"name":"wp","href":"https:\/\/api.w.org\/{rel}","templated":true}]}}